{"id":122,"date":"2026-03-24T07:31:41","date_gmt":"2026-03-24T07:31:41","guid":{"rendered":"https:\/\/www.pefhem.com\/?page_id=122"},"modified":"2026-03-24T07:40:08","modified_gmt":"2026-03-24T07:40:08","slug":"etkinlikler","status":"publish","type":"page","link":"https:\/\/www.pefhem.com\/?page_id=122","title":{"rendered":"Etkinliklerimiz"},"content":{"rendered":"\n<figure class=\"wp-block-gallery has-nested-images columns-default is-cropped wp-block-gallery-1 is-layout-flex wp-block-gallery-is-layout-flex\">\n<figure class=\"wp-block-image size-large is-resized\"><img loading=\"lazy\" decoding=\"async\" width=\"758\" height=\"476\" data-id=\"129\" src=\"https:\/\/www.pefhem.com\/wp-content\/uploads\/2026\/03\/491470677_18372971089132615_5533338669736112680_n-1.jpg\" alt=\"\" class=\"wp-image-129\" style=\"width:383px;height:auto\" srcset=\"https:\/\/www.pefhem.com\/wp-content\/uploads\/2026\/03\/491470677_18372971089132615_5533338669736112680_n-1.jpg 758w, https:\/\/www.pefhem.com\/wp-content\/uploads\/2026\/03\/491470677_18372971089132615_5533338669736112680_n-1-300x188.jpg 300w\" sizes=\"auto, (max-width: 758px) 100vw, 758px\" \/><\/figure>\n\n\n\n<figure class=\"wp-block-image size-large\"><img loading=\"lazy\" decoding=\"async\" width=\"739\" height=\"466\" data-id=\"132\" src=\"https:\/\/www.pefhem.com\/wp-content\/uploads\/2026\/03\/496472461_18372971098132615_2083514014509415948_n-1.jpg\" alt=\"\" class=\"wp-image-132\" srcset=\"https:\/\/www.pefhem.com\/wp-content\/uploads\/2026\/03\/496472461_18372971098132615_2083514014509415948_n-1.jpg 739w, https:\/\/www.pefhem.com\/wp-content\/uploads\/2026\/03\/496472461_18372971098132615_2083514014509415948_n-1-300x189.jpg 300w\" sizes=\"auto, (max-width: 739px) 100vw, 739px\" \/><\/figure>\n<\/figure>\n\n\n\n<p><strong>Pendik Kaymakam\u0131m\u0131z\u0131 ziyaret ettik.<\/strong><\/p>\n\n\n\n<p>T\u00fcrkiye Halk Oyunlar\u0131 Federasyonu Marmara B\u00f6lge Finallerinde 1. Olarak il\u00e7emizi ve ilimizi T\u00fcrkiye Finalinde temsil edecek k\u0131ymetli \u00e7ocuklar\u0131m\u0131zla, Pendik Kaymakam\u0131m\u0131z Say\u0131n Mehmet Y\u0131ld\u0131z\u2019a makam\u0131nda misafir olduk. Say\u0131n Kaymakam\u0131m\u0131za PEFHEM ailesi olarak te\u015fekk\u00fcr ederiz. \u0130l\u00e7emizi gururland\u0131rmaya devam edece\u011fiz.<\/p>\n\n\n\n<p><\/p>\n","protected":false},"excerpt":{"rendered":"<p>Pendik Kaymakam\u0131m\u0131z\u0131 ziyaret ettik. T\u00fcrkiye Halk Oyunlar\u0131 Federasyonu Marmara B\u00f6lge Finallerinde 1. Olarak il\u00e7emizi ve ilimizi T\u00fcrkiye Finalinde temsil edecek k\u0131ymetli \u00e7ocuklar\u0131m\u0131zla, Pendik Kaymakam\u0131m\u0131z Say\u0131n Mehmet Y\u0131ld\u0131z\u2019a makam\u0131nda misafir olduk. Say\u0131n Kaymakam\u0131m\u0131za PEFHEM ailesi olarak te\u015fekk\u00fcr ederiz. \u0130l\u00e7emizi gururland\u0131rmaya devam edece\u011fiz.<\/p>\n","protected":false},"author":1,"featured_media":0,"parent":0,"menu_order":0,"comment_status":"closed","ping_status":"closed","template":"","meta":{"footnotes":""},"class_list":["post-122","page","type-page","status-publish","hentry"],"_links":{"self":[{"href":"https:\/\/www.pefhem.com\/index.php?rest_route=\/wp\/v2\/pages\/122","targetHints":{"allow":["GET"]}}],"collection":[{"href":"https:\/\/www.pefhem.com\/index.php?rest_route=\/wp\/v2\/pages"}],"about":[{"href":"https:\/\/www.pefhem.com\/index.php?rest_route=\/wp\/v2\/types\/page"}],"author":[{"embeddable":true,"href":"https:\/\/www.pefhem.com\/index.php?rest_route=\/wp\/v2\/users\/1"}],"replies":[{"embeddable":true,"href":"https:\/\/www.pefhem.com\/index.php?rest_route=%2Fwp%2Fv2%2Fcomments&post=122"}],"version-history":[{"count":6,"href":"https:\/\/www.pefhem.com\/index.php?rest_route=\/wp\/v2\/pages\/122\/revisions"}],"predecessor-version":[{"id":133,"href":"https:\/\/www.pefhem.com\/index.php?rest_route=\/wp\/v2\/pages\/122\/revisions\/133"}],"wp:attachment":[{"href":"https:\/\/www.pefhem.com\/index.php?rest_route=%2Fwp%2Fv2%2Fmedia&parent=122"}],"curies":[{"name":"wp","href":"https:\/\/api.w.org\/{rel}","templated":true}]}}